{"id":10124,"date":"2022-04-10T22:58:47","date_gmt":"2022-04-10T19:58:47","guid":{"rendered":"https:\/\/www.cengizyatagan.com\/?page_id=10124"},"modified":"2022-04-10T23:04:35","modified_gmt":"2022-04-10T20:04:35","slug":"all-exhibitions","status":"publish","type":"page","link":"https:\/\/www.cengizyatagan.com\/en\/all-exhibitions\/","title":{"rendered":"All Exhibitions"},"content":{"rendered":"<p>[vc_row][vc_column][vc_column_text]2022 Purgatory Solo sergi Atolye Hanif Han \/ \u0130stanbul<\/p>\n<p>2022 G&amp;G Sanat Merkezi Galeri, karma sergisi 4*4 \/ \u0130stanbul<\/p>\n<p>2022 Aura Art Hub Galeri, karma sergi \/ \u0130stanbul<\/p>\n<p>2022 Art Hub Galeri, Karma sergi, Emaar Squere Mall \/ \u0130stanbul<\/p>\n<p>2021 Saatchi Galeri, TA Turkish Art Week \/ London<\/p>\n<p>2021 15. \u0130C Contemporary \/ L\u00fctf\u00fc K\u0131rdar \u0130stanbul<\/p>\n<p>2021 \u0130nsan Duraklamas\u0131, Karma Sergi \/ Artcontack Yenikap\u0131 Etkinlik \u0130stanbul<\/p>\n<p>2021 Re\u00e7etesiz II, Karma Sergi \/ Ekavart Ritz Hotel \u0130stanbul<\/p>\n<p>2021 Sonia Monti Galeri K\u0131\u015f Koleksiyonu Sergisi Paris<\/p>\n<p>2020 The Brick Lane Galeri (Reflections Of The Sky) Londra<\/p>\n<p>2020 \u0130TSL\u0130QU\u0130D Canvas \u0130nternasyonel Sanat Fuar\u0131 The Skin Project Londra<\/p>\n<p>2020 Elements, Karma Sergi \/ Loft Ma\u00e7a K\u0131z\u0131 Bodrum<\/p>\n<p>2020 Galeri Kambur Arnavutk\u00f6y \/ \u0130stanbul<\/p>\n<p>2019 Contex art Miami \/ Miami<\/p>\n<p>2019 Saatchi Galeri, Start fair \/ London<\/p>\n<p>2019 C\u0130 Contemporary Istanbul, \u0130stanbul<\/p>\n<p>2019 Artweek Akaretler, Karma Sergi \/ Akaretler, \u0130stanbul<\/p>\n<p>2018 Artweek Akaretler, Karma Sergi \/ Akaretler, \u0130stanbul<\/p>\n<p>2018 \u201cImmortality\u201d\u00a0 K\u00fcrat\u00f6r: Tima Jam, <strong>Karma Sergi,<\/strong> Adahan \u0130stanbul<\/p>\n<p>2018 \u201cTekam\u00fcl\u201d, Ki\u015fisel sergi<strong>\/<\/strong> Piyalepa\u015fa, \u0130stanbul<\/p>\n<p>2017 \u201c40 Nefes\u201d, <strong>Ki\u015fisel Sergi<\/strong> \/ Akmerkez, \u0130stanbul<\/p>\n<p>2012 \u201cRuloylamala\u201d <strong>Ki\u015fisel Sergi,<\/strong> Levent Loft, \u0130stanbul[\/vc_column_text][\/vc_column][\/vc_row]<\/p>\n","protected":false},"excerpt":{"rendered":"<p>[vc_row][vc_column][vc_column_text]2022 Purgatory Solo sergi Atolye Hanif Han \/ \u0130stanbul 2022 G&amp;G Sanat Merkezi Galeri, karma sergisi 4*4 \/ \u0130stanbul 2022 Aura Art Hub Galeri, karma&#8230;<\/p>\n","protected":false},"author":1,"featured_media":0,"parent":0,"menu_order":0,"comment_status":"closed","ping_status":"closed","template":"","meta":{"footnotes":""},"class_list":["post-10124","page","type-page","status-publish","hentry"],"_links":{"self":[{"href":"https:\/\/www.cengizyatagan.com\/en\/wp-json\/wp\/v2\/pages\/10124","targetHints":{"allow":["GET"]}}],"collection":[{"href":"https:\/\/www.cengizyatagan.com\/en\/wp-json\/wp\/v2\/pages"}],"about":[{"href":"https:\/\/www.cengizyatagan.com\/en\/wp-json\/wp\/v2\/types\/page"}],"author":[{"embeddable":true,"href":"https:\/\/www.cengizyatagan.com\/en\/wp-json\/wp\/v2\/users\/1"}],"replies":[{"embeddable":true,"href":"https:\/\/www.cengizyatagan.com\/en\/wp-json\/wp\/v2\/comments?post=10124"}],"version-history":[{"count":3,"href":"https:\/\/www.cengizyatagan.com\/en\/wp-json\/wp\/v2\/pages\/10124\/revisions"}],"predecessor-version":[{"id":10128,"href":"https:\/\/www.cengizyatagan.com\/en\/wp-json\/wp\/v2\/pages\/10124\/revisions\/10128"}],"wp:attachment":[{"href":"https:\/\/www.cengizyatagan.com\/en\/wp-json\/wp\/v2\/media?parent=10124"}],"curies":[{"name":"wp","href":"https:\/\/api.w.org\/{rel}","templated":true}]}}