{"id":9211,"date":"2015-07-27T15:10:21","date_gmt":"2015-07-27T15:10:21","guid":{"rendered":"http:\/\/cengiz.medya-x.com\/contact-us-3\/"},"modified":"2021-04-11T18:10:18","modified_gmt":"2021-04-11T15:10:18","slug":"contact","status":"publish","type":"page","link":"https:\/\/www.cengizyatagan.com\/en\/contact\/","title":{"rendered":"Contact"},"content":{"rendered":"<p>[vc_row][vc_column width=&#8221;1\/2&#8243;][vc_column_text css_animation=&#8221;bottom-to-top&#8221;]<\/p>\n<h1>Info<\/h1>\n<p>[\/vc_column_text][vc_column_text]<\/p>\n<h3><\/h3>\n<h3>Email: <a href=\"mailto:cengiz@cengizyatagan.com\">cengiz@cengizyatagan.com<\/a><\/h3>\n<p class=\"style6\"><strong>Adres:<\/strong>Kuloglu Mahallesi Gazeteci Erol Dernek Sok Hanif Han No 11 Kat 2\u00a0 Kulo\u011flu \u0130stanbul 34433 T\u00fcrkiye<\/p>\n<p class=\"style6\"><strong>Phone: <\/strong>0212 292 29 95 \u00a0 \u00a0 \u00a0 \u00a0 \u00a0 \u00a0 \u00a0\u00a0<strong>Fax: <\/strong>0212 292 29 98<\/p>\n<p>[\/vc_column_text][\/vc_column][vc_column width=&#8221;1\/2&#8243;][vc_column_text css_animation=&#8221;bottom-to-top&#8221;]<\/p>\n<h1>Message<\/h1>\n<p>[\/vc_column_text]<p class=\"wpcf7-contact-form-not-found\"><strong>Error:<\/strong> Contact form not found.<\/p>[\/vc_column][\/vc_row]<\/p>\n","protected":false},"excerpt":{"rendered":"<p>[vc_row][vc_column width=&#8221;1\/2&#8243;][vc_column_text css_animation=&#8221;bottom-to-top&#8221;] Info [\/vc_column_text][vc_column_text] Email: cengiz@cengizyatagan.com Adres:Kuloglu Mahallesi Gazeteci Erol Dernek Sok Hanif Han No 11 Kat 2\u00a0 Kulo\u011flu \u0130stanbul 34433 T\u00fcrkiye Phone: 0212&#8230;<\/p>\n","protected":false},"author":1,"featured_media":0,"parent":0,"menu_order":0,"comment_status":"closed","ping_status":"closed","template":"","meta":{"footnotes":""},"class_list":["post-9211","page","type-page","status-publish","hentry"],"_links":{"self":[{"href":"https:\/\/www.cengizyatagan.com\/en\/wp-json\/wp\/v2\/pages\/9211","targetHints":{"allow":["GET"]}}],"collection":[{"href":"https:\/\/www.cengizyatagan.com\/en\/wp-json\/wp\/v2\/pages"}],"about":[{"href":"https:\/\/www.cengizyatagan.com\/en\/wp-json\/wp\/v2\/types\/page"}],"author":[{"embeddable":true,"href":"https:\/\/www.cengizyatagan.com\/en\/wp-json\/wp\/v2\/users\/1"}],"replies":[{"embeddable":true,"href":"https:\/\/www.cengizyatagan.com\/en\/wp-json\/wp\/v2\/comments?post=9211"}],"version-history":[{"count":0,"href":"https:\/\/www.cengizyatagan.com\/en\/wp-json\/wp\/v2\/pages\/9211\/revisions"}],"wp:attachment":[{"href":"https:\/\/www.cengizyatagan.com\/en\/wp-json\/wp\/v2\/media?parent=9211"}],"curies":[{"name":"wp","href":"https:\/\/api.w.org\/{rel}","templated":true}]}}