{"id":9982,"date":"2021-04-07T23:30:20","date_gmt":"2021-04-07T20:30:20","guid":{"rendered":"https:\/\/www.cengizyatagan.com\/product\/6-eser\/"},"modified":"2021-04-11T17:27:57","modified_gmt":"2021-04-11T14:27:57","slug":"6-eser","status":"publish","type":"product","link":"https:\/\/www.cengizyatagan.com\/en\/product\/6-eser\/","title":{"rendered":"6. eser"},"content":{"rendered":"<p class=\"p1\"><strong>Editions of different sizes with Kintsugi &amp; Wabi Sabi Philosophy<\/strong><\/p>\n<p>&nbsp;<\/p>\n<p class=\"p1\">From the past to the present, we are witnessing the disappearance of man, who is confused in the fluidity of the modern age, in search of perfection on the planet. K\u0130NTSUG\u0130 is a golden healing tradition that makes precious the fragmentation of wholeness that has grown in the heart of WAB\u0130SAB\u0130, which is accepted as the permanent beauty within the existence of defect among the philosophies of the Far East, perhaps it is the transformation of a healing method into art.<\/p>\n<p class=\"p1\">\nWhile symbolizing rebirth, it defends the infinite beauty in imperfections and reveals the infinite beauty hidden in them when the broken pieces touch each other. In fact, it can be said that a<br \/>\nmiraculous simplicity that turns human disappointments into satisfaction found spirit in ancient Japanese philosophy. K\u0130NTSUG\u0130 makes it right to believe that life, which is valued with the traces of fragmentation, is beautiful with all its flaws while the broken parts are repaired. This art, which is as aesthetic as it is minimalist, has obviously been trying to tell people a lot for centuries.<\/p>\n<p class=\"p1\">\nIf life is to be completion from the deficient, gaining strength from difficulties, then instead of looking for perfection in life, accept life with its flaws so that, through your broken pieces, healed with an ointment of gold or silver, you may bestow yourself the chance to witness a the most colorful rebirth.<\/p>\n","protected":false},"excerpt":{"rendered":"<p><strong>Edited works in different sizes with Kintsugi &amp; Wabi Sabi Basilica<\/strong><\/p>\n<p><strong>25&#215;35<\/strong> Hahnem\u00fchle matte fiber fine art <strong>paper 25<\/strong> editions with archival pigment print frame on 200gr paper<\/p>\n<p><strong>50&#215;70<\/strong> Hahnem\u00fchle matte fiber fine art <strong>paper 15<\/strong> editions with archival pigment print frame on 200gr paper<\/p>\n<p><strong>100&#215;140<\/strong> Hahnem\u00fchle matte fiber fine art <strong>paper 8<\/strong> editions with archival pigment print frame on 200gr paper<\/p>\n<p><strong>200&#215;140<\/strong> Hahnem\u00fchle matte fiber fine art <strong>paper 5<\/strong> editions with archival pigment print frame on 200gr paper<\/p>\n<p class=\"p2\">\n","protected":false},"featured_media":9833,"template":"","meta":[],"product_brand":[],"product_cat":[125],"product_tag":[],"class_list":{"0":"post-9982","1":"product","2":"type-product","3":"status-publish","4":"has-post-thumbnail","6":"product_cat-gallery","8":"first","9":"instock","10":"taxable","11":"shipping-taxable","12":"purchasable","13":"product-type-variable"},"etheme_brands":{"errors":{"invalid_taxonomy":["Invalid taxonomy."]},"error_data":[]},"_links":{"self":[{"href":"https:\/\/www.cengizyatagan.com\/en\/wp-json\/wp\/v2\/product\/9982","targetHints":{"allow":["GET"]}}],"collection":[{"href":"https:\/\/www.cengizyatagan.com\/en\/wp-json\/wp\/v2\/product"}],"about":[{"href":"https:\/\/www.cengizyatagan.com\/en\/wp-json\/wp\/v2\/types\/product"}],"wp:featuredmedia":[{"embeddable":true,"href":"https:\/\/www.cengizyatagan.com\/en\/wp-json\/wp\/v2\/media\/9833"}],"wp:attachment":[{"href":"https:\/\/www.cengizyatagan.com\/en\/wp-json\/wp\/v2\/media?parent=9982"}],"wp:term":[{"taxonomy":"product_brand","embeddable":true,"href":"https:\/\/www.cengizyatagan.com\/en\/wp-json\/wp\/v2\/product_brand?post=9982"},{"taxonomy":"product_cat","embeddable":true,"href":"https:\/\/www.cengizyatagan.com\/en\/wp-json\/wp\/v2\/product_cat?post=9982"},{"taxonomy":"product_tag","embeddable":true,"href":"https:\/\/www.cengizyatagan.com\/en\/wp-json\/wp\/v2\/product_tag?post=9982"}],"curies":[{"name":"wp","href":"https:\/\/api.w.org\/{rel}","templated":true}]}}